{"id":742,"date":"2025-02-12T18:52:12","date_gmt":"2025-02-12T17:52:12","guid":{"rendered":"https:\/\/hemen-garbiketak.com\/?page_id=742"},"modified":"2025-02-12T18:52:13","modified_gmt":"2025-02-12T17:52:13","slug":"politica-de-cookies","status":"publish","type":"page","link":"https:\/\/hemen-garbiketak.com\/eu\/politica-de-cookies\/","title":{"rendered":"Pol\u00edtica de cookies"},"content":{"rendered":"\n<h2 class=\"wp-block-heading\">Pol\u00edtica de cookies del portal hemen-garbiketak.com<\/h2>\n\n\n\n<h4 class=\"wp-block-heading\"><\/h4>\n\n\n\n<p>El prestador por su propia cuenta o la de un tercero contratado para la prestaci\u00f3n de servicios de medici\u00f3n, pueden utilizar cookies cuando un usuario navega por el sitio web. Las cookies son ficheros enviados al navegador por medio de un servidor web con la finalidad de registrar las actividades del usuario durante su tiempo de navegaci\u00f3n y recordarlas cuando el usuario vuelva a visitar el sitio web, facilitando el uso y la navegaci\u00f3n de los mismos.<\/p>\n\n\n\n<p>Las cookies pueden clasificarse en funci\u00f3n de la entidad que las gestione (propias o de un tercero), seg\u00fan el plazo de tiempo que permanecen activadas (de sesi\u00f3n o persistentes) o conforme a su finalidad (t\u00e9cnicas, de personalizaci\u00f3n, de an\u00e1lisis o publicitarias entre otras).<\/p>\n\n\n\n<p>Las cookies utilizadas en este sitio web tienen, en todo caso, car\u00e1cter temporal con la \u00fanica finalidad de hacer m\u00e1s eficaz su transmisi\u00f3n ulterior y se asocian \u00fanicamente con un usuario an\u00f3nimo y su ordenador. En ning\u00fan caso se utilizar\u00e1n las cookies para recoger informaci\u00f3n de car\u00e1cter personal.<\/p>\n\n\n\n<p>Mediante el uso de las cookies resulta posible que el servidor donde se encuentra la web, reconozca el navegador web utilizado por el usuario con la finalidad de que la navegaci\u00f3n sea m\u00e1s sencilla, permitiendo, por ejemplo, el acceso a los usuarios que se hayan registrado previamente, acceder a las \u00e1reas, servicios, promociones o concursos reservados exclusivamente a ellos sin tener que registrarse en cada visita. Se utilizan tambi\u00e9n para medir la audiencia y par\u00e1metros del tr\u00e1fico, controlar el progreso y n\u00famero de entradas.<\/p>\n\n\n\n<p>El USUARIO tiene la posibilidad de configurar el navegador de su ordenador de acuerdo a sus necesidades personales, de manera que pueda advertir de la recepci\u00f3n de cookies e impedir la instalaci\u00f3n de las mismas en el disco duro.<\/p>\n\n\n\n<p>El USUARIO podr\u00e1 rechazar el tratamiento de los datos o la informaci\u00f3n rechazando el uso de cookies mediante la selecci\u00f3n de la configuraci\u00f3n apropiada de su navegador, sin embargo, el USUARIO debe saber que si lo hace, es posible que no pueda disponer de la plena funcionalidad de este sitio web. Por favor, consulte las instrucciones y manuales de su navegador para ampliar esta informaci\u00f3n.<\/p>\n","protected":false},"excerpt":{"rendered":"<p>Pol\u00edtica de cookies del portal hemen-garbiketak.com El prestador por su propia cuenta o la de un tercero contratado para la prestaci\u00f3n de servicios de medici\u00f3n, pueden<span class=\"excerpt-hellip\"> [\u2026]<\/span><\/p>\n","protected":false},"author":2,"featured_media":0,"parent":0,"menu_order":0,"comment_status":"closed","ping_status":"closed","template":"","meta":[],"yoast_head":"<!-- This site is optimized with the Yoast SEO plugin v20.7 - https:\/\/yoast.com\/wordpress\/plugins\/seo\/ -->\n<title>Pol\u00edtica de cookies - Hemen garbiketak<\/title>\n<meta name=\"robots\" content=\"index, follow, max-snippet:-1, max-image-preview:large, max-video-preview:-1\" \/>\n<link rel=\"canonical\" href=\"https:\/\/hemen-garbiketak.com\/eu\/politica-de-cookies\/\" \/>\n<meta property=\"og:locale\" content=\"eu_ES\" \/>\n<meta property=\"og:type\" content=\"article\" \/>\n<meta property=\"og:title\" content=\"Pol\u00edtica de cookies - Hemen garbiketak\" \/>\n<meta property=\"og:description\" content=\"Pol\u00edtica de cookies del portal hemen-garbiketak.com El prestador por su propia cuenta o la de un tercero contratado para la prestaci\u00f3n de servicios de medici\u00f3n, pueden [\u2026]\" \/>\n<meta property=\"og:url\" content=\"https:\/\/hemen-garbiketak.com\/eu\/politica-de-cookies\/\" \/>\n<meta property=\"og:site_name\" content=\"Hemen garbiketak\" \/>\n<meta property=\"article:publisher\" content=\"https:\/\/www.facebook.com\/Hemen-Garbiketak-874711415958213\/\" \/>\n<meta property=\"article:modified_time\" content=\"2025-02-12T17:52:13+00:00\" \/>\n<meta name=\"twitter:card\" content=\"summary_large_image\" \/>\n<meta name=\"twitter:label1\" content=\"Est. reading time\" \/>\n\t<meta name=\"twitter:data1\" content=\"2 minutes\" \/>\n<script type=\"application\/ld+json\" class=\"yoast-schema-graph\">{\"@context\":\"https:\/\/schema.org\",\"@graph\":[{\"@type\":\"WebPage\",\"@id\":\"https:\/\/hemen-garbiketak.com\/eu\/politica-de-cookies\/\",\"url\":\"https:\/\/hemen-garbiketak.com\/eu\/politica-de-cookies\/\",\"name\":\"Pol\u00edtica de cookies - Hemen garbiketak\",\"isPartOf\":{\"@id\":\"https:\/\/hemen-garbiketak.com\/eu\/#website\"},\"datePublished\":\"2025-02-12T17:52:12+00:00\",\"dateModified\":\"2025-02-12T17:52:13+00:00\",\"breadcrumb\":{\"@id\":\"https:\/\/hemen-garbiketak.com\/eu\/politica-de-cookies\/#breadcrumb\"},\"inLanguage\":\"eu-ES\",\"potentialAction\":[{\"@type\":\"ReadAction\",\"target\":[\"https:\/\/hemen-garbiketak.com\/eu\/politica-de-cookies\/\"]}]},{\"@type\":\"BreadcrumbList\",\"@id\":\"https:\/\/hemen-garbiketak.com\/eu\/politica-de-cookies\/#breadcrumb\",\"itemListElement\":[{\"@type\":\"ListItem\",\"position\":1,\"name\":\"Home\",\"item\":\"https:\/\/hemen-garbiketak.com\/eu\/\"},{\"@type\":\"ListItem\",\"position\":2,\"name\":\"Pol\u00edtica de cookies\"}]},{\"@type\":\"WebSite\",\"@id\":\"https:\/\/hemen-garbiketak.com\/eu\/#website\",\"url\":\"https:\/\/hemen-garbiketak.com\/eu\/\",\"name\":\"Hemen garbiketak\",\"description\":\"Tu empresa de limpieza de confianza\",\"publisher\":{\"@id\":\"https:\/\/hemen-garbiketak.com\/eu\/#organization\"},\"potentialAction\":[{\"@type\":\"SearchAction\",\"target\":{\"@type\":\"EntryPoint\",\"urlTemplate\":\"https:\/\/hemen-garbiketak.com\/eu\/?s={search_term_string}\"},\"query-input\":\"required name=search_term_string\"}],\"inLanguage\":\"eu-ES\"},{\"@type\":\"Organization\",\"@id\":\"https:\/\/hemen-garbiketak.com\/eu\/#organization\",\"name\":\"Hemen garbiketak\",\"url\":\"https:\/\/hemen-garbiketak.com\/eu\/\",\"logo\":{\"@type\":\"ImageObject\",\"inLanguage\":\"eu-ES\",\"@id\":\"https:\/\/hemen-garbiketak.com\/eu\/#\/schema\/logo\/image\/\",\"url\":\"https:\/\/hemen-garbiketak.com\/wp-content\/uploads\/2020\/05\/hemen-garbiketak.png\",\"contentUrl\":\"https:\/\/hemen-garbiketak.com\/wp-content\/uploads\/2020\/05\/hemen-garbiketak.png\",\"width\":480,\"height\":129,\"caption\":\"Hemen garbiketak\"},\"image\":{\"@id\":\"https:\/\/hemen-garbiketak.com\/eu\/#\/schema\/logo\/image\/\"},\"sameAs\":[\"https:\/\/www.facebook.com\/Hemen-Garbiketak-874711415958213\/\",\"https:\/\/www.youtube.com\/channel\/UCiXYndy8wCJHNi4hMlX6rNA\",\"https:\/\/www.linkedin.com\/company\/hemen-garbiketak-slu\/\"]}]}<\/script>\n<!-- \/ Yoast SEO plugin. -->","yoast_head_json":{"title":"Pol\u00edtica de cookies - Hemen garbiketak","robots":{"index":"index","follow":"follow","max-snippet":"max-snippet:-1","max-image-preview":"max-image-preview:large","max-video-preview":"max-video-preview:-1"},"canonical":"https:\/\/hemen-garbiketak.com\/eu\/politica-de-cookies\/","og_locale":"eu_ES","og_type":"article","og_title":"Pol\u00edtica de cookies - Hemen garbiketak","og_description":"Pol\u00edtica de cookies del portal hemen-garbiketak.com El prestador por su propia cuenta o la de un tercero contratado para la prestaci\u00f3n de servicios de medici\u00f3n, pueden [\u2026]","og_url":"https:\/\/hemen-garbiketak.com\/eu\/politica-de-cookies\/","og_site_name":"Hemen garbiketak","article_publisher":"https:\/\/www.facebook.com\/Hemen-Garbiketak-874711415958213\/","article_modified_time":"2025-02-12T17:52:13+00:00","twitter_card":"summary_large_image","twitter_misc":{"Est. reading time":"2 minutes"},"schema":{"@context":"https:\/\/schema.org","@graph":[{"@type":"WebPage","@id":"https:\/\/hemen-garbiketak.com\/eu\/politica-de-cookies\/","url":"https:\/\/hemen-garbiketak.com\/eu\/politica-de-cookies\/","name":"Pol\u00edtica de cookies - Hemen garbiketak","isPartOf":{"@id":"https:\/\/hemen-garbiketak.com\/eu\/#website"},"datePublished":"2025-02-12T17:52:12+00:00","dateModified":"2025-02-12T17:52:13+00:00","breadcrumb":{"@id":"https:\/\/hemen-garbiketak.com\/eu\/politica-de-cookies\/#breadcrumb"},"inLanguage":"eu-ES","potentialAction":[{"@type":"ReadAction","target":["https:\/\/hemen-garbiketak.com\/eu\/politica-de-cookies\/"]}]},{"@type":"BreadcrumbList","@id":"https:\/\/hemen-garbiketak.com\/eu\/politica-de-cookies\/#breadcrumb","itemListElement":[{"@type":"ListItem","position":1,"name":"Home","item":"https:\/\/hemen-garbiketak.com\/eu\/"},{"@type":"ListItem","position":2,"name":"Pol\u00edtica de cookies"}]},{"@type":"WebSite","@id":"https:\/\/hemen-garbiketak.com\/eu\/#website","url":"https:\/\/hemen-garbiketak.com\/eu\/","name":"Hemen garbiketak","description":"Tu empresa de limpieza de confianza","publisher":{"@id":"https:\/\/hemen-garbiketak.com\/eu\/#organization"},"potentialAction":[{"@type":"SearchAction","target":{"@type":"EntryPoint","urlTemplate":"https:\/\/hemen-garbiketak.com\/eu\/?s={search_term_string}"},"query-input":"required name=search_term_string"}],"inLanguage":"eu-ES"},{"@type":"Organization","@id":"https:\/\/hemen-garbiketak.com\/eu\/#organization","name":"Hemen garbiketak","url":"https:\/\/hemen-garbiketak.com\/eu\/","logo":{"@type":"ImageObject","inLanguage":"eu-ES","@id":"https:\/\/hemen-garbiketak.com\/eu\/#\/schema\/logo\/image\/","url":"https:\/\/hemen-garbiketak.com\/wp-content\/uploads\/2020\/05\/hemen-garbiketak.png","contentUrl":"https:\/\/hemen-garbiketak.com\/wp-content\/uploads\/2020\/05\/hemen-garbiketak.png","width":480,"height":129,"caption":"Hemen garbiketak"},"image":{"@id":"https:\/\/hemen-garbiketak.com\/eu\/#\/schema\/logo\/image\/"},"sameAs":["https:\/\/www.facebook.com\/Hemen-Garbiketak-874711415958213\/","https:\/\/www.youtube.com\/channel\/UCiXYndy8wCJHNi4hMlX6rNA","https:\/\/www.linkedin.com\/company\/hemen-garbiketak-slu\/"]}]}},"_links":{"self":[{"href":"https:\/\/hemen-garbiketak.com\/eu\/wp-json\/wp\/v2\/pages\/742"}],"collection":[{"href":"https:\/\/hemen-garbiketak.com\/eu\/wp-json\/wp\/v2\/pages"}],"about":[{"href":"https:\/\/hemen-garbiketak.com\/eu\/wp-json\/wp\/v2\/types\/page"}],"author":[{"embeddable":true,"href":"https:\/\/hemen-garbiketak.com\/eu\/wp-json\/wp\/v2\/users\/2"}],"replies":[{"embeddable":true,"href":"https:\/\/hemen-garbiketak.com\/eu\/wp-json\/wp\/v2\/comments?post=742"}],"version-history":[{"count":1,"href":"https:\/\/hemen-garbiketak.com\/eu\/wp-json\/wp\/v2\/pages\/742\/revisions"}],"predecessor-version":[{"id":751,"href":"https:\/\/hemen-garbiketak.com\/eu\/wp-json\/wp\/v2\/pages\/742\/revisions\/751"}],"wp:attachment":[{"href":"https:\/\/hemen-garbiketak.com\/eu\/wp-json\/wp\/v2\/media?parent=742"}],"curies":[{"name":"wp","href":"https:\/\/api.w.org\/{rel}","templated":true}]}}