{"id":740,"date":"2025-02-12T18:50:42","date_gmt":"2025-02-12T17:50:42","guid":{"rendered":"https:\/\/hemen-garbiketak.com\/?page_id=740"},"modified":"2025-02-12T18:50:43","modified_gmt":"2025-02-12T17:50:43","slug":"politica-de-privacidad","status":"publish","type":"page","link":"https:\/\/hemen-garbiketak.com\/eu\/politica-de-privacidad\/","title":{"rendered":"Pol\u00edtica de privacidad"},"content":{"rendered":"\n<h2 class=\"wp-block-heading\">Pol\u00edtica de privacidad del portal hemen-garbiketak.com<\/h2>\n\n\n\n<h4 class=\"wp-block-heading\"><\/h4>\n\n\n\n<p>De conformidad con la Ley Org\u00e1nica 15\/1999, de 13 de diciembre, de Protecci\u00f3n de Datos de Car\u00e1cter Personal, se le informa de que los datos personales facilitados en este formulario y los que pudiera aportar durante la relaci\u00f3n comercial, ser\u00e1n incluidos en un fichero del que es responsable Hemen Garbiketak, SL, con domicilio en Intxaurtxueta, 16 bajo \u2013 20540 Eskoriatza, con la finalidad de gestionar y administrar la mencionada relaci\u00f3n comercial.<\/p>\n\n\n\n<p>As\u00ed mismo Hemen Garbiketak, SL se compromete a no utilizar los datos personales con fines distintos a los expuestos, ni comunicarlos a terceros para otro fin.<\/p>\n\n\n\n<p>Ud. podr\u00e1 ejercitar los derechos de acceso a sus datos de car\u00e1cter personal, rectificaci\u00f3n, cancelaci\u00f3n u oposici\u00f3n al tratamiento de los mismos mediante solicitud escrita acompa\u00f1ada de fotocopia del DNI o de otro documento de identificaci\u00f3n personal, dirigida a la direcci\u00f3n anteriormente indicada.<\/p>\n\n\n\n<h4 class=\"wp-block-heading\"><\/h4>\n","protected":false},"excerpt":{"rendered":"<p>Pol\u00edtica de privacidad del portal hemen-garbiketak.com De conformidad con la Ley Org\u00e1nica 15\/1999, de 13 de diciembre, de Protecci\u00f3n de Datos de Car\u00e1cter Personal, se le<span class=\"excerpt-hellip\"> [\u2026]<\/span><\/p>\n","protected":false},"author":2,"featured_media":0,"parent":0,"menu_order":0,"comment_status":"closed","ping_status":"closed","template":"","meta":[],"yoast_head":"<!-- This site is optimized with the Yoast SEO plugin v20.7 - https:\/\/yoast.com\/wordpress\/plugins\/seo\/ -->\n<title>Pol\u00edtica de privacidad - Hemen garbiketak<\/title>\n<meta name=\"robots\" content=\"index, follow, max-snippet:-1, max-image-preview:large, max-video-preview:-1\" \/>\n<link rel=\"canonical\" href=\"https:\/\/hemen-garbiketak.com\/eu\/politica-de-privacidad\/\" \/>\n<meta property=\"og:locale\" content=\"eu_ES\" \/>\n<meta property=\"og:type\" content=\"article\" \/>\n<meta property=\"og:title\" content=\"Pol\u00edtica de privacidad - Hemen garbiketak\" \/>\n<meta property=\"og:description\" content=\"Pol\u00edtica de privacidad del portal hemen-garbiketak.com De conformidad con la Ley Org\u00e1nica 15\/1999, de 13 de diciembre, de Protecci\u00f3n de Datos de Car\u00e1cter Personal, se le [\u2026]\" \/>\n<meta property=\"og:url\" content=\"https:\/\/hemen-garbiketak.com\/eu\/politica-de-privacidad\/\" \/>\n<meta property=\"og:site_name\" content=\"Hemen garbiketak\" \/>\n<meta property=\"article:publisher\" content=\"https:\/\/www.facebook.com\/Hemen-Garbiketak-874711415958213\/\" \/>\n<meta property=\"article:modified_time\" content=\"2025-02-12T17:50:43+00:00\" \/>\n<meta name=\"twitter:card\" content=\"summary_large_image\" \/>\n<meta name=\"twitter:label1\" content=\"Est. reading time\" \/>\n\t<meta name=\"twitter:data1\" content=\"1 minute\" \/>\n<script type=\"application\/ld+json\" class=\"yoast-schema-graph\">{\"@context\":\"https:\/\/schema.org\",\"@graph\":[{\"@type\":\"WebPage\",\"@id\":\"https:\/\/hemen-garbiketak.com\/eu\/politica-de-privacidad\/\",\"url\":\"https:\/\/hemen-garbiketak.com\/eu\/politica-de-privacidad\/\",\"name\":\"Pol\u00edtica de privacidad - Hemen garbiketak\",\"isPartOf\":{\"@id\":\"https:\/\/hemen-garbiketak.com\/eu\/#website\"},\"datePublished\":\"2025-02-12T17:50:42+00:00\",\"dateModified\":\"2025-02-12T17:50:43+00:00\",\"breadcrumb\":{\"@id\":\"https:\/\/hemen-garbiketak.com\/eu\/politica-de-privacidad\/#breadcrumb\"},\"inLanguage\":\"eu-ES\",\"potentialAction\":[{\"@type\":\"ReadAction\",\"target\":[\"https:\/\/hemen-garbiketak.com\/eu\/politica-de-privacidad\/\"]}]},{\"@type\":\"BreadcrumbList\",\"@id\":\"https:\/\/hemen-garbiketak.com\/eu\/politica-de-privacidad\/#breadcrumb\",\"itemListElement\":[{\"@type\":\"ListItem\",\"position\":1,\"name\":\"Home\",\"item\":\"https:\/\/hemen-garbiketak.com\/eu\/\"},{\"@type\":\"ListItem\",\"position\":2,\"name\":\"Pol\u00edtica de privacidad\"}]},{\"@type\":\"WebSite\",\"@id\":\"https:\/\/hemen-garbiketak.com\/eu\/#website\",\"url\":\"https:\/\/hemen-garbiketak.com\/eu\/\",\"name\":\"Hemen garbiketak\",\"description\":\"Tu empresa de limpieza de confianza\",\"publisher\":{\"@id\":\"https:\/\/hemen-garbiketak.com\/eu\/#organization\"},\"potentialAction\":[{\"@type\":\"SearchAction\",\"target\":{\"@type\":\"EntryPoint\",\"urlTemplate\":\"https:\/\/hemen-garbiketak.com\/eu\/?s={search_term_string}\"},\"query-input\":\"required name=search_term_string\"}],\"inLanguage\":\"eu-ES\"},{\"@type\":\"Organization\",\"@id\":\"https:\/\/hemen-garbiketak.com\/eu\/#organization\",\"name\":\"Hemen garbiketak\",\"url\":\"https:\/\/hemen-garbiketak.com\/eu\/\",\"logo\":{\"@type\":\"ImageObject\",\"inLanguage\":\"eu-ES\",\"@id\":\"https:\/\/hemen-garbiketak.com\/eu\/#\/schema\/logo\/image\/\",\"url\":\"https:\/\/hemen-garbiketak.com\/wp-content\/uploads\/2020\/05\/hemen-garbiketak.png\",\"contentUrl\":\"https:\/\/hemen-garbiketak.com\/wp-content\/uploads\/2020\/05\/hemen-garbiketak.png\",\"width\":480,\"height\":129,\"caption\":\"Hemen garbiketak\"},\"image\":{\"@id\":\"https:\/\/hemen-garbiketak.com\/eu\/#\/schema\/logo\/image\/\"},\"sameAs\":[\"https:\/\/www.facebook.com\/Hemen-Garbiketak-874711415958213\/\",\"https:\/\/www.youtube.com\/channel\/UCiXYndy8wCJHNi4hMlX6rNA\",\"https:\/\/www.linkedin.com\/company\/hemen-garbiketak-slu\/\"]}]}<\/script>\n<!-- \/ Yoast SEO plugin. -->","yoast_head_json":{"title":"Pol\u00edtica de privacidad - Hemen garbiketak","robots":{"index":"index","follow":"follow","max-snippet":"max-snippet:-1","max-image-preview":"max-image-preview:large","max-video-preview":"max-video-preview:-1"},"canonical":"https:\/\/hemen-garbiketak.com\/eu\/politica-de-privacidad\/","og_locale":"eu_ES","og_type":"article","og_title":"Pol\u00edtica de privacidad - Hemen garbiketak","og_description":"Pol\u00edtica de privacidad del portal hemen-garbiketak.com De conformidad con la Ley Org\u00e1nica 15\/1999, de 13 de diciembre, de Protecci\u00f3n de Datos de Car\u00e1cter Personal, se le [\u2026]","og_url":"https:\/\/hemen-garbiketak.com\/eu\/politica-de-privacidad\/","og_site_name":"Hemen garbiketak","article_publisher":"https:\/\/www.facebook.com\/Hemen-Garbiketak-874711415958213\/","article_modified_time":"2025-02-12T17:50:43+00:00","twitter_card":"summary_large_image","twitter_misc":{"Est. reading time":"1 minute"},"schema":{"@context":"https:\/\/schema.org","@graph":[{"@type":"WebPage","@id":"https:\/\/hemen-garbiketak.com\/eu\/politica-de-privacidad\/","url":"https:\/\/hemen-garbiketak.com\/eu\/politica-de-privacidad\/","name":"Pol\u00edtica de privacidad - Hemen garbiketak","isPartOf":{"@id":"https:\/\/hemen-garbiketak.com\/eu\/#website"},"datePublished":"2025-02-12T17:50:42+00:00","dateModified":"2025-02-12T17:50:43+00:00","breadcrumb":{"@id":"https:\/\/hemen-garbiketak.com\/eu\/politica-de-privacidad\/#breadcrumb"},"inLanguage":"eu-ES","potentialAction":[{"@type":"ReadAction","target":["https:\/\/hemen-garbiketak.com\/eu\/politica-de-privacidad\/"]}]},{"@type":"BreadcrumbList","@id":"https:\/\/hemen-garbiketak.com\/eu\/politica-de-privacidad\/#breadcrumb","itemListElement":[{"@type":"ListItem","position":1,"name":"Home","item":"https:\/\/hemen-garbiketak.com\/eu\/"},{"@type":"ListItem","position":2,"name":"Pol\u00edtica de privacidad"}]},{"@type":"WebSite","@id":"https:\/\/hemen-garbiketak.com\/eu\/#website","url":"https:\/\/hemen-garbiketak.com\/eu\/","name":"Hemen garbiketak","description":"Tu empresa de limpieza de confianza","publisher":{"@id":"https:\/\/hemen-garbiketak.com\/eu\/#organization"},"potentialAction":[{"@type":"SearchAction","target":{"@type":"EntryPoint","urlTemplate":"https:\/\/hemen-garbiketak.com\/eu\/?s={search_term_string}"},"query-input":"required name=search_term_string"}],"inLanguage":"eu-ES"},{"@type":"Organization","@id":"https:\/\/hemen-garbiketak.com\/eu\/#organization","name":"Hemen garbiketak","url":"https:\/\/hemen-garbiketak.com\/eu\/","logo":{"@type":"ImageObject","inLanguage":"eu-ES","@id":"https:\/\/hemen-garbiketak.com\/eu\/#\/schema\/logo\/image\/","url":"https:\/\/hemen-garbiketak.com\/wp-content\/uploads\/2020\/05\/hemen-garbiketak.png","contentUrl":"https:\/\/hemen-garbiketak.com\/wp-content\/uploads\/2020\/05\/hemen-garbiketak.png","width":480,"height":129,"caption":"Hemen garbiketak"},"image":{"@id":"https:\/\/hemen-garbiketak.com\/eu\/#\/schema\/logo\/image\/"},"sameAs":["https:\/\/www.facebook.com\/Hemen-Garbiketak-874711415958213\/","https:\/\/www.youtube.com\/channel\/UCiXYndy8wCJHNi4hMlX6rNA","https:\/\/www.linkedin.com\/company\/hemen-garbiketak-slu\/"]}]}},"_links":{"self":[{"href":"https:\/\/hemen-garbiketak.com\/eu\/wp-json\/wp\/v2\/pages\/740"}],"collection":[{"href":"https:\/\/hemen-garbiketak.com\/eu\/wp-json\/wp\/v2\/pages"}],"about":[{"href":"https:\/\/hemen-garbiketak.com\/eu\/wp-json\/wp\/v2\/types\/page"}],"author":[{"embeddable":true,"href":"https:\/\/hemen-garbiketak.com\/eu\/wp-json\/wp\/v2\/users\/2"}],"replies":[{"embeddable":true,"href":"https:\/\/hemen-garbiketak.com\/eu\/wp-json\/wp\/v2\/comments?post=740"}],"version-history":[{"count":1,"href":"https:\/\/hemen-garbiketak.com\/eu\/wp-json\/wp\/v2\/pages\/740\/revisions"}],"predecessor-version":[{"id":750,"href":"https:\/\/hemen-garbiketak.com\/eu\/wp-json\/wp\/v2\/pages\/740\/revisions\/750"}],"wp:attachment":[{"href":"https:\/\/hemen-garbiketak.com\/eu\/wp-json\/wp\/v2\/media?parent=740"}],"curies":[{"name":"wp","href":"https:\/\/api.w.org\/{rel}","templated":true}]}}